{"id":58,"date":"2023-06-23T12:12:11","date_gmt":"2023-06-23T12:12:11","guid":{"rendered":"https:\/\/www.masswerk.digital\/index.php\/masswerk-laservermessung\/"},"modified":"2024-03-31T08:25:44","modified_gmt":"2024-03-31T08:25:44","slug":"masswerk-laservermessung","status":"publish","type":"page","link":"https:\/\/www.masswerk.digital\/","title":{"rendered":"Masswerk Laservermessung"},"content":{"rendered":"<div class=\"\" style=\"\" >\n  \n    \n    <section class=\"u-clearfix u-uploaded-video u-video u-section-2\" id=\"sec-b50a\">\n      <div class=\"u-background-video u-expanded u-video-contain\" style=\"\">\n        <div class=\"embed-responsive\">\n          <video class=\"embed-responsive-item\" data-autoplay=\"1\" loop=\"\" muted=\"1\" autoplay=\"autoplay\" playsinline=\"\">\n            <source src=\"https:\/\/www.masswerk.digital\/wp-content\/uploads\/2023\/06\/pexelsmatthiasgroeneveld28826241920x108060fps.mp4\" type=\"video\/mp4\">\n            <p>Your browser does not support HTML5 video.<\/p>\n          <\/video>\n        <\/div>\n        <div class=\"u-video-shading\"><\/div>\n      <\/div>\n      <div class=\"u-clearfix u-sheet u-sheet-1\">\n        <img decoding=\"async\" class=\"u-image u-image-default u-image-1\" src=\"https:\/\/www.masswerk.digital\/wp-content\/uploads\/2023\/06\/masswerk1-1.png\" alt=\"\" data-image-width=\"2000\" data-image-height=\"433\">\n        <div class=\"u-container-style u-group u-shape-rectangle u-group-1\">\n          <div class=\"u-container-layout u-container-layout-1\">\n            <p class=\"u-align-center u-custom-font u-font-playfair-display u-text u-text-body-alt-color u-text-1\">PR\u00c4ZISES MASS<br>AUF H\u00d6CHSTEM NIVEAU! \n            <\/p>\n          <\/div>\n        <\/div>\n        <a href=\"mailto:office@masswerk.digital\" class=\"u-border-none u-btn u-btn-round u-button-style u-grey-50 u-hover-grey-80 u-radius-6 u-btn-1\">KONTAKT<\/a>\n      <\/div>\n    <\/section>\n    <section class=\"u-align-center u-clearfix u-section-3\" id=\"sec-f295\">\n      <div class=\"u-align-left u-clearfix u-sheet u-valign-middle-lg u-valign-middle-md u-valign-middle-sm u-valign-middle-xs u-sheet-1\">\n        <div class=\"u-expanded-width u-list u-list-1\">\n          <div class=\"u-repeater u-repeater-1\">\n            <div class=\"u-container-style u-list-item u-repeater-item\">\n              <div class=\"u-container-layout u-similar-container u-container-layout-1\"><span class=\"u-file-icon u-icon u-icon-circle u-icon-1\"><img decoding=\"async\" src=\"https:\/\/www.masswerk.digital\/wp-content\/uploads\/2023\/06\/992700-1.png\" alt=\"\"><\/span>\n                <h3 class=\"u-align-center u-custom-font u-font-playfair-display u-text u-text-default u-text-1\">ZEIT<\/h3>\n                <p class=\"u-align-center u-text u-text-2\"> Messungen k\u00f6nnen bis zu 70% schneller durchgef\u00fchrt werden als mit herk\u00f6mmlichen Methoden.<\/p>\n              <\/div>\n            <\/div>\n            <div class=\"u-align-center u-container-style u-list-item u-repeater-item\">\n              <div class=\"u-container-layout u-similar-container u-container-layout-2\"><span class=\"u-file-icon u-icon u-icon-circle u-icon-2\"><img decoding=\"async\" src=\"https:\/\/www.masswerk.digital\/wp-content\/uploads\/2023\/06\/8209980-1.png\" alt=\"\"><\/span>\n                <h3 class=\"u-align-center u-custom-font u-font-playfair-display u-text u-text-default u-text-3\">EFFIZIENZ<\/h3>\n                <p class=\"u-align-center u-text u-text-4\"> Pr\u00e4zise Messungen k\u00f6nnen mit minimaler Anstrengung durchgef\u00fchrt werden.<\/p>\n              <\/div>\n            <\/div>\n            <div class=\"u-container-style u-list-item u-repeater-item\">\n              <div class=\"u-container-layout u-similar-container u-container-layout-3\"><span class=\"u-file-icon u-icon u-icon-circle u-icon-3\"><img decoding=\"async\" src=\"https:\/\/www.masswerk.digital\/wp-content\/uploads\/2023\/06\/2046796-1.png\" alt=\"\"><\/span>\n                <h3 class=\"u-align-center u-custom-font u-font-playfair-display u-text u-text-default u-text-5\">PR\u00c4ZISION<\/h3>\n                <p class=\"u-align-center u-text u-text-6\"> Mein System bietet eine au\u00dfergew\u00f6hnlich hohe Pr\u00e4zision bei der Durchf\u00fchrung von Messungen. Die Genauigkeit von bis zu +\/- 0,1 mm.&nbsp;<\/p>\n              <\/div>\n            <\/div>\n          <\/div>\n        <\/div>\n      <\/div>\n    <\/section>\n    <section class=\"u-black u-clearfix u-section-4\" id=\"Angebot\">\n      <div class=\"u-clearfix u-sheet u-sheet-1\">\n        <div class=\"u-clearfix u-expanded-width u-layout-wrap u-layout-wrap-1\">\n          <div class=\"u-layout\">\n            <div class=\"u-layout-row\">\n              <div class=\"u-container-style u-layout-cell u-left-cell u-size-30 u-layout-cell-1\">\n                <div class=\"u-container-layout u-valign-top u-container-layout-1\">\n                  <h2 class=\"u-custom-font u-font-playfair-display u-text u-text-1\"> Raumvermessung und Fertigungszeichnungen -&nbsp;<br>f\u00fcr private und gewerbliche R\u00e4umlichkeiten \n                  <\/h2>\n                  <div class=\"u-border-6 u-border-white u-line u-line-horizontal u-line-1\"><\/div>\n                <\/div>\n              <\/div>\n              <div class=\"u-container-style u-layout-cell u-right-cell u-size-30 u-layout-cell-2\">\n                <div class=\"u-container-layout u-valign-top u-container-layout-2\">\n                  <p class=\"u-text u-text-2\"> Suchst du einen zuverl\u00e4ssigen Vermessungs-Partner? Ich biete professionelle Bestandsaufnahmen, Raumplanung und Lichtplanung an. Auch Stiegenaufma\u00dfe und Fertigungszeichnungen geh\u00f6ren zu meinen Leistungen. Kontaktiere mich heute, um deine Projekte schnell und zuverl\u00e4ssig umzusetzen.<\/p>\n                <\/div>\n              <\/div>\n            <\/div>\n          <\/div>\n        <\/div>\n      <\/div>\n    <\/section>\n    <section class=\"u-align-center u-clearfix u-white u-section-5\" id=\"carousel_9f8f\">\n      <div class=\"u-clearfix u-sheet u-sheet-1\">\n        <h2 class=\"u-custom-font u-font-playfair-display u-text u-text-1\"> FLEXIJET 3D - DIE NEUE GENERATION<\/h2>\n        <p class=\"u-text u-text-2\"> Seit mehr als zehn Jahren erm\u00f6glicht das Flexijet 3D die Erstellung von pr\u00e4zisen, dreidimensionalen Aufma\u00dfen auf der ganzen Welt. Mit der neuen Generation des CAD-Aufma\u00dfsystems revolutioniert das Flexijet 3D die Qualit\u00e4t der Aufma\u00dferstellung erneut.<\/p>\n        <div class=\"u-video u-video-contain u-video-1\">\n          <div class=\"embed-responsive embed-responsive-1\">\n            <iframe style=\"position: absolute;top: 0;left: 0;width: 100%;height: 100%;\" class=\"embed-responsive-item\" src=\"https:\/\/www.youtube-nocookie.com\/embed\/7cnWOf7lY04?mute=0&amp;showinfo=0&amp;controls=0&amp;start=0\" frameborder=\"0\" allowfullscreen=\"\"><\/iframe>\n          <\/div>\n        <\/div>\n      <\/div>\n    <\/section>\n    <section class=\"u-align-center u-black u-clearfix u-section-6\" id=\"carousel_5484\">\n      <div class=\"u-clearfix u-sheet u-sheet-1\">\n        <div class=\"u-clearfix u-expanded-width u-layout-wrap u-layout-wrap-1\">\n          <div class=\"u-layout\">\n            <div class=\"u-layout-row\">\n              <div class=\"u-container-style u-layout-cell u-left-cell u-size-34 u-layout-cell-1\">\n                <div class=\"u-container-layout u-container-layout-1\">\n                  <h2 class=\"u-align-left u-custom-font u-font-playfair-display u-text u-text-1\">\u00dcBER MICH<\/h2>\n                  <ul class=\"u-text u-text-2\">\n                    <li>Daniel Baumgartinger <\/li>\n                    <li>Geboren am 05.08.1998<\/li>\n                    <li>2013 mit einer Lehre als Tischler begonnen <\/li>\n                    <li>2021 Tischlermeister erfolgreich abgeschlossen <\/li>\n                  <\/ul>\n                <\/div>\n              <\/div>\n              <div class=\"u-container-style u-layout-cell u-right-cell u-size-26 u-layout-cell-2\">\n                <div class=\"u-container-layout u-valign-middle u-container-layout-2\">\n                  <img decoding=\"async\" alt=\"\" class=\"u-image u-image-default u-image-1\" data-image-width=\"2000\" data-image-height=\"3004\" src=\"https:\/\/www.masswerk.digital\/wp-content\/uploads\/2023\/06\/DSC5647_danschi_bear-1.jpg\">\n                <\/div>\n              <\/div>\n            <\/div>\n          <\/div>\n        <\/div>\n      <\/div>\n    <\/section>\n    <section class=\"u-align-center u-black u-clearfix u-section-7\" id=\"carousel_b025\">\n      <div class=\"u-clearfix u-sheet u-valign-middle-xs u-sheet-1\">\n        <h2 class=\"u-align-left u-custom-font u-font-playfair-display u-text u-text-1\">PROJEKTE<\/h2>\n        <div class=\"u-expanded-width u-gallery u-layout-grid u-lightbox u-show-text-on-hover u-gallery-1\">\n          <div class=\"u-gallery-inner u-gallery-inner-1\">\n            <div class=\"u-effect-fade u-effect-hover-zoom u-gallery-item\" data-href=\"https:\/\/www.masswerk.digital\/index.php\/konrad-badvermessung\/\">\n              <div class=\"u-back-slide\" data-image-width=\"3000\" data-image-height=\"2000\">\n                <img decoding=\"async\" class=\"u-back-image u-expanded\" src=\"https:\/\/www.masswerk.digital\/wp-content\/uploads\/2023\/06\/DSC6537-1.jpg\" alt=\"Badezimmer\">\n              <\/div>\n              <div class=\"u-over-slide u-shading u-over-slide-1\">\n                <h3 class=\"u-gallery-heading\">Badezimmer<\/h3>\n                <p class=\"u-gallery-text\">Vermessung<\/p>\n              <\/div>\n            <\/div>\n            <div class=\"u-effect-fade u-effect-hover-zoom u-gallery-item\" data-href=\"https:\/\/www.masswerk.digital\/index.php\/starzinger-buerovermessung\/\">\n              <div class=\"u-back-slide\" data-image-width=\"2000\" data-image-height=\"1333\">\n                <img decoding=\"async\" class=\"u-back-image u-expanded\" src=\"https:\/\/www.masswerk.digital\/wp-content\/uploads\/2023\/06\/A640318-1.jpg\" alt=\"B\u00fcror\u00e4umlichkeiten\">\n              <\/div>\n              <div class=\"u-over-slide u-shading u-over-slide-2\">\n                <h3 class=\"u-gallery-heading\">B\u00fcror\u00e4umlichkeiten<\/h3>\n                <p class=\"u-gallery-text\">Vermessung<\/p>\n              <\/div>\n            <\/div>\n          <\/div>\n        <\/div>\n      <\/div>\n    <\/section>\n    <section class=\"u-align-center u-clearfix u-white u-section-8\" id=\"carousel_c760\">\n      <div class=\"u-clearfix u-sheet u-valign-middle u-sheet-1\">\n        <div class=\"u-expanded-width u-list u-list-1\">\n          <div class=\"u-repeater u-repeater-1\">\n            <div class=\"u-container-align-center u-container-style u-image u-image-contain u-list-item u-repeater-item u-image-1\" data-image-width=\"1698\" data-image-height=\"717\" data-animation-name=\"customAnimationIn\" data-animation-duration=\"1000\" data-animation-direction=\"\" style=\"background-image: url(&quot;https:\/\/www.masswerk.digital\/wp-content\/uploads\/2023\/06\/SchmClaim-1.png&quot;);\">\n              <div class=\"u-container-layout u-similar-container u-container-layout-1\"><\/div>\n            <\/div>\n            <div class=\"u-container-align-center u-container-style u-image u-image-contain u-list-item u-repeater-item u-image-2\" data-image-width=\"1292\" data-image-height=\"542\" data-animation-name=\"customAnimationIn\" data-animation-duration=\"1000\" data-animation-direction=\"\" style=\"background-image: url(&quot;https:\/\/www.masswerk.digital\/wp-content\/uploads\/2023\/06\/Tischlerwerk_Logo-1.png&quot;);\">\n              <div class=\"u-container-layout u-similar-container u-container-layout-2\"><\/div>\n            <\/div>\n          <\/div>\n        <\/div>\n      <\/div>\n    <\/section>\n    <section class=\"u-black u-clearfix u-section-9\" id=\"sec-7f27\">\n      <div class=\"u-clearfix u-sheet u-sheet-1\">\n        <div class=\"u-clearfix u-expanded-width u-layout-wrap u-layout-wrap-1\">\n          <div class=\"u-gutter-0 u-layout\">\n            <div class=\"u-layout-row\">\n              <div class=\"u-size-60\">\n                <div class=\"u-layout-col\">\n                  <div class=\"u-container-style u-layout-cell u-size-30 u-layout-cell-1\">\n                    <div class=\"u-container-layout u-container-layout-1\">\n                      <p class=\"u-align-center u-text u-text-grey-25 u-text-1\"> MASSWERK LASERVERMESSUNG <br>Daniel Baumgartinger e.U.<br>Oberheikerding 1, 4851 Gampern&nbsp;<br>\n                        <br>\n                        <br>www.masswerk.digital<br>+43 664 750 687 88 \n                      <\/p>\n                      <p class=\"u-text u-text-default u-text-grey-25 u-text-2\">\n                        <a class=\"u-active-none u-border-none u-btn u-button-link u-button-style u-hover-none u-none u-text-grey-25 u-text-hover-white u-btn-1\" data-href=\"mailto:office@masswerk.digital\"> office@masswerk.digital<\/a>\n                      <\/p>\n                    <\/div>\n                  <\/div>\n                  <div class=\"u-align-left u-container-style u-layout-cell u-size-30 u-layout-cell-2\">\n                    <div class=\"u-container-layout u-container-layout-2\">\n                      <h2 class=\"u-align-center u-custom-font u-font-playfair-display u-text u-text-default u-text-3\">follow me<\/h2>\n                      <div class=\"u-align-center u-social-icons u-spacing-20 u-social-icons-1\">\n                        <a class=\"u-social-url\" target=\"_blank\" href=\"https:\/\/www.instagram.com\/masswerk_digital\/\" title=\"Instagram\"><span class=\"u-icon u-icon-circle u-social-icon u-social-instagram u-text-white u-icon-1\">\n                        <svg class=\"u-svg-link\" preserveAspectRatio=\"xMidYMin slice\" viewBox=\"0 0 112.2 112.2\" style=\"\"><use xmlns:xlink=\"http:\/\/www.w3.org\/1999\/xlink\" xlink:href=\"#svg-eaec\"><\/use><\/svg>\n                        <svg x=\"0px\" y=\"0px\" viewBox=\"0 0 112.2 112.2\" style=\"enable-background:new 0 0 112.2 112.2;\" xml:space=\"preserve\" id=\"svg-eaec\" class=\"u-svg-content\"><path d=\"M56.1,0C25.1,0,0,25.1,0,56.1c0,31,25.1,56.1,56.1,56.1c31,0,56.1-25.1,56.1-56.1C112.2,25.1,87.1,0,56.1,0z M90.6,73.4c0,9.6-7.8,17.5-17.5,17.5H38.6c-9.6,0-17.5-7.9-17.5-17.6V38.8c0-9.6,7.8-17.5,17.5-17.5h34.5c9.6,0,17.5,7.8,17.5,17.5 V73.4z\"><\/path><path d=\"M73.1,28.9H38.6c-5.4,0-9.9,4.4-9.9,9.9v34.5c0,5.4,4.4,9.9,9.9,9.9h34.5c5.4,0,9.9-4.4,9.9-9.9V38.8 C83,33.4,78.6,28.9,73.1,28.9z M55.9,74C46,74,38,66,38,56.1c0-9.9,8-17.9,17.9-17.9c9.9,0,17.9,8,17.9,17.9 C73.8,66,65.8,74,55.9,74z M74.3,41.9c-2.3,0-4.2-1.9-4.2-4.2s1.9-4.2,4.2-4.2c2.3,0,4.2,1.9,4.2,4.2S76.6,41.9,74.3,41.9z\"><\/path><path d=\"M55.9,45.8c-5.7,0-10.4,4.6-10.3,10.3c0,5.7,4.6,10.3,10.3,10.3s10.3-4.6,10.3-10.3 C66.2,50.4,61.6,45.8,55.9,45.8z\"><\/path><\/svg>\n                      <\/span>\n                        <\/a>\n                      <\/div>\n                    <\/div>\n                  <\/div>\n                <\/div>\n              <\/div>\n            <\/div>\n          <\/div>\n        <\/div>\n      <\/div>\n    <\/section>\n    \n    \n    \n  \n<\/div>","protected":false},"excerpt":{"rendered":"<p>Your browser does not support HTML5 video. PR\u00c4ZISES MASSAUF H\u00d6CHSTEM NIVEAU! KONTAKT ZEIT Messungen k\u00f6nnen bis zu 70% schneller durchgef\u00fchrt werden als mit herk\u00f6mmlichen Methoden. EFFIZIENZ Pr\u00e4zise Messungen k\u00f6nnen mit minimaler Anstrengung durchgef\u00fchrt werden. PR\u00c4ZISION Mein System bietet eine au\u00dfergew\u00f6hnlich hohe Pr\u00e4zision bei der Durchf\u00fchrung von Messungen. Die Genauigkeit von bis zu +\/- 0,1 mm.&nbsp; [&hellip;]<\/p>\n","protected":false},"author":1,"featured_media":0,"parent":0,"menu_order":4,"comment_status":"closed","ping_status":"closed","template":"","meta":{"footnotes":""},"class_list":["post-58","page","type-page","status-publish","hentry"],"yoast_head":"<!-- This site is optimized with the Yoast SEO plugin v27.4 - https:\/\/yoast.com\/product\/yoast-seo-wordpress\/ -->\n<title>Masswerk Laservermessung - Masswerk<\/title>\n<meta name=\"robots\" content=\"index, follow, max-snippet:-1, max-image-preview:large, max-video-preview:-1\" \/>\n<link rel=\"canonical\" href=\"https:\/\/www.masswerk.digital\/\" \/>\n<meta property=\"og:locale\" content=\"de_DE\" \/>\n<meta property=\"og:type\" content=\"article\" \/>\n<meta property=\"og:title\" content=\"Masswerk Laservermessung - Masswerk\" \/>\n<meta property=\"og:description\" content=\"Your browser does not support HTML5 video. PR\u00c4ZISES MASSAUF H\u00d6CHSTEM NIVEAU! KONTAKT ZEIT Messungen k\u00f6nnen bis zu 70% schneller durchgef\u00fchrt werden als mit herk\u00f6mmlichen Methoden. EFFIZIENZ Pr\u00e4zise Messungen k\u00f6nnen mit minimaler Anstrengung durchgef\u00fchrt werden. PR\u00c4ZISION Mein System bietet eine au\u00dfergew\u00f6hnlich hohe Pr\u00e4zision bei der Durchf\u00fchrung von Messungen. Die Genauigkeit von bis zu +\/- 0,1 mm.&nbsp; [&hellip;]\" \/>\n<meta property=\"og:url\" content=\"https:\/\/www.masswerk.digital\/\" \/>\n<meta property=\"og:site_name\" content=\"Masswerk\" \/>\n<meta property=\"article:modified_time\" content=\"2024-03-31T08:25:44+00:00\" \/>\n<meta name=\"twitter:card\" content=\"summary_large_image\" \/>\n<script type=\"application\/ld+json\" class=\"yoast-schema-graph\">{\"@context\":\"https:\\\/\\\/schema.org\",\"@graph\":[{\"@type\":\"WebPage\",\"@id\":\"https:\\\/\\\/www.masswerk.digital\\\/\",\"url\":\"https:\\\/\\\/www.masswerk.digital\\\/\",\"name\":\"Masswerk Laservermessung - Masswerk\",\"isPartOf\":{\"@id\":\"https:\\\/\\\/www.masswerk.digital\\\/#website\"},\"datePublished\":\"2023-06-23T12:12:11+00:00\",\"dateModified\":\"2024-03-31T08:25:44+00:00\",\"breadcrumb\":{\"@id\":\"https:\\\/\\\/www.masswerk.digital\\\/#breadcrumb\"},\"inLanguage\":\"de\",\"potentialAction\":[{\"@type\":\"ReadAction\",\"target\":[\"https:\\\/\\\/www.masswerk.digital\\\/\"]}]},{\"@type\":\"BreadcrumbList\",\"@id\":\"https:\\\/\\\/www.masswerk.digital\\\/#breadcrumb\",\"itemListElement\":[{\"@type\":\"ListItem\",\"position\":1,\"name\":\"Startseite\",\"item\":\"https:\\\/\\\/www.masswerk.digital\\\/\"},{\"@type\":\"ListItem\",\"position\":2,\"name\":\"Masswerk Laservermessung\"}]},{\"@type\":\"WebSite\",\"@id\":\"https:\\\/\\\/www.masswerk.digital\\\/#website\",\"url\":\"https:\\\/\\\/www.masswerk.digital\\\/\",\"name\":\"Masswerk\",\"description\":\"\",\"potentialAction\":[{\"@type\":\"SearchAction\",\"target\":{\"@type\":\"EntryPoint\",\"urlTemplate\":\"https:\\\/\\\/www.masswerk.digital\\\/?s={search_term_string}\"},\"query-input\":{\"@type\":\"PropertyValueSpecification\",\"valueRequired\":true,\"valueName\":\"search_term_string\"}}],\"inLanguage\":\"de\"}]}<\/script>\n<!-- \/ Yoast SEO plugin. -->","yoast_head_json":{"title":"Masswerk Laservermessung - Masswerk","robots":{"index":"index","follow":"follow","max-snippet":"max-snippet:-1","max-image-preview":"max-image-preview:large","max-video-preview":"max-video-preview:-1"},"canonical":"https:\/\/www.masswerk.digital\/","og_locale":"de_DE","og_type":"article","og_title":"Masswerk Laservermessung - Masswerk","og_description":"Your browser does not support HTML5 video. PR\u00c4ZISES MASSAUF H\u00d6CHSTEM NIVEAU! KONTAKT ZEIT Messungen k\u00f6nnen bis zu 70% schneller durchgef\u00fchrt werden als mit herk\u00f6mmlichen Methoden. EFFIZIENZ Pr\u00e4zise Messungen k\u00f6nnen mit minimaler Anstrengung durchgef\u00fchrt werden. PR\u00c4ZISION Mein System bietet eine au\u00dfergew\u00f6hnlich hohe Pr\u00e4zision bei der Durchf\u00fchrung von Messungen. Die Genauigkeit von bis zu +\/- 0,1 mm.&nbsp; [&hellip;]","og_url":"https:\/\/www.masswerk.digital\/","og_site_name":"Masswerk","article_modified_time":"2024-03-31T08:25:44+00:00","twitter_card":"summary_large_image","schema":{"@context":"https:\/\/schema.org","@graph":[{"@type":"WebPage","@id":"https:\/\/www.masswerk.digital\/","url":"https:\/\/www.masswerk.digital\/","name":"Masswerk Laservermessung - Masswerk","isPartOf":{"@id":"https:\/\/www.masswerk.digital\/#website"},"datePublished":"2023-06-23T12:12:11+00:00","dateModified":"2024-03-31T08:25:44+00:00","breadcrumb":{"@id":"https:\/\/www.masswerk.digital\/#breadcrumb"},"inLanguage":"de","potentialAction":[{"@type":"ReadAction","target":["https:\/\/www.masswerk.digital\/"]}]},{"@type":"BreadcrumbList","@id":"https:\/\/www.masswerk.digital\/#breadcrumb","itemListElement":[{"@type":"ListItem","position":1,"name":"Startseite","item":"https:\/\/www.masswerk.digital\/"},{"@type":"ListItem","position":2,"name":"Masswerk Laservermessung"}]},{"@type":"WebSite","@id":"https:\/\/www.masswerk.digital\/#website","url":"https:\/\/www.masswerk.digital\/","name":"Masswerk","description":"","potentialAction":[{"@type":"SearchAction","target":{"@type":"EntryPoint","urlTemplate":"https:\/\/www.masswerk.digital\/?s={search_term_string}"},"query-input":{"@type":"PropertyValueSpecification","valueRequired":true,"valueName":"search_term_string"}}],"inLanguage":"de"}]}},"_links":{"self":[{"href":"https:\/\/www.masswerk.digital\/index.php\/wp-json\/wp\/v2\/pages\/58","targetHints":{"allow":["GET"]}}],"collection":[{"href":"https:\/\/www.masswerk.digital\/index.php\/wp-json\/wp\/v2\/pages"}],"about":[{"href":"https:\/\/www.masswerk.digital\/index.php\/wp-json\/wp\/v2\/types\/page"}],"author":[{"embeddable":true,"href":"https:\/\/www.masswerk.digital\/index.php\/wp-json\/wp\/v2\/users\/1"}],"replies":[{"embeddable":true,"href":"https:\/\/www.masswerk.digital\/index.php\/wp-json\/wp\/v2\/comments?post=58"}],"version-history":[{"count":9,"href":"https:\/\/www.masswerk.digital\/index.php\/wp-json\/wp\/v2\/pages\/58\/revisions"}],"predecessor-version":[{"id":91,"href":"https:\/\/www.masswerk.digital\/index.php\/wp-json\/wp\/v2\/pages\/58\/revisions\/91"}],"wp:attachment":[{"href":"https:\/\/www.masswerk.digital\/index.php\/wp-json\/wp\/v2\/media?parent=58"}],"curies":[{"name":"wp","href":"https:\/\/api.w.org\/{rel}","templated":true}]}}